{"id":693,"date":"2021-07-05T14:48:35","date_gmt":"2021-07-05T12:48:35","guid":{"rendered":"https:\/\/www.campinglesgenetsdor29.com\/editorial\/"},"modified":"2021-07-05T14:48:36","modified_gmt":"2021-07-05T12:48:36","slug":"editorial","status":"publish","type":"page","link":"https:\/\/www.campinglesgenetsdor29.com\/en\/editorial\/","title":{"rendered":"Editorial"},"content":{"rendered":"\n\t\t\n\t\t<div class=\"editos\">\n\t\t\t\n\t\t\t\t\n\t\t\t\t\t\n\t\t\t<article class=\"sev-editorial-multiple\">\n\t\t\t\t<a href=\"https:\/\/www.campinglesgenetsdor29.com\/en\/editorial\/decouvrez-notre-petit-camping-au-coeur-de-la-nature\/\">\n\t\t\t\t<h2>D\u00e9couvrez notre petit camping au c\u0153ur de la nature<\/h2>\n\t\t\t\t<div class=\"content\"><p>Nich\u00e9 au sein d\u2019un \u00e9crin de verdure, notre petit camping de 63 emplacements vous invite \u00e0 vivre une exp\u00e9rience unique en pleine nature. Que vous soyez randonneur, cycliste ou simplement en qu\u00eate de tranquillit\u00e9, notre \u00e9tablissement est l\u2019endroit id\u00e9al pour vous ressourcer et profiter des plaisirs simples de la vie en plein air. Nous proposons [&hellip;]<\/p>\n<\/div>\n\t\t\t\t<p class=\"text-right\">Read more...<\/p>\n\t\t\t\t<\/a>\n\t\t\t<\/article>\n\n\t\t\t\t\t\n\t\t\t<article class=\"sev-editorial-multiple\">\n\t\t\t\t<a href=\"https:\/\/www.campinglesgenetsdor29.com\/en\/editorial\/bienvenue-dans-notre-camping-familial-en-bretagne\/\">\n\t\t\t\t<h2>Bienvenue dans notre camping familial en Bretagne<\/h2>\n\t\t\t\t<div class=\"content\"><p>Un havre de paix avec piscine chauff\u00e9e et pataugeoire\u00a0! Situ\u00e9 au c\u0153ur du Finist\u00e8re sud, notre camping familial est l&#8217;endroit id\u00e9al pour des vacances inoubliables en Bretagne. Non loin des plages de sable fin et des paysage c\u00f4tiers \u00e0 couper le souffle, notre \u00e9tablissement vous offre un cadre naturel exceptionnel pour profiter de moments de [&hellip;]<\/p>\n<\/div>\n\t\t\t\t<p class=\"text-right\">Read more...<\/p>\n\t\t\t\t<\/a>\n\t\t\t<\/article>\n\n\t\t\t\t\t\n\t\t\t<article class=\"sev-editorial-multiple\">\n\t\t\t\t<a href=\"https:\/\/www.campinglesgenetsdor29.com\/en\/editorial\/camping-familial-proche-concarneau-sud-finistere\/\">\n\t\t\t\t<h2>Camping familial proche Concarneau, sud Finist\u00e8re<\/h2>\n\t\t\t\t<div class=\"content\"><p>Situ\u00e9 \u00e0 quelques kilom\u00e8tres de la charmante ville de Concarneau, notre camping familial vous invite \u00e0 vivre des vacances inoubliables au c\u0153ur du sud Finist\u00e8re.\u00a0Nich\u00e9 dans un \u00e9crin de verdure, notre camping est l&#8217;endroit id\u00e9al propice \u00e0 la d\u00e9tente, la convivialit\u00e9 et les aventures.\u00a0Avec ces emplacements spacieux et ombrag\u00e9s, notre camping familial proche de Concarneau, [&hellip;]<\/p>\n<\/div>\n\t\t\t\t<p class=\"text-right\">Read more...<\/p>\n\t\t\t\t<\/a>\n\t\t\t<\/article>\n\n\t\t\t\t\t\n\t\t\t<article class=\"sev-editorial-multiple\">\n\t\t\t\t<a href=\"https:\/\/www.campinglesgenetsdor29.com\/en\/editorial\/camping-proche-pont-aven\/\">\n\t\t\t\t<h2>Camping proche Pont-Aven<\/h2>\n\t\t\t\t<div class=\"content\"><p>Les Gen\u00eats d&#8217;Or est le camping parfait pour vous relaxer, profitez de vos cong\u00e9s pour passer un s\u00e9jour dans ce splendide camping proche de Pont-Aven. Nich\u00e9 en plein dans la verdure, vous serez s\u00e9duit par le calme environnant. En plus d\u2019\u00eatre au c\u0153ur de la nature, le camping est situ\u00e9 proche de Pont-Aven, une magnifique [&hellip;]<\/p>\n<\/div>\n\t\t\t\t<p class=\"text-right\">Read more...<\/p>\n\t\t\t\t<\/a>\n\t\t\t<\/article>\n\n\t\t\t\t\t\n\t\t\t<article class=\"sev-editorial-multiple\">\n\t\t\t\t<a href=\"https:\/\/www.campinglesgenetsdor29.com\/en\/editorial\/meilleur-prix-camping-pont-aven\/\">\n\t\t\t\t<h2>Meilleur prix camping Pont-Aven<\/h2>\n\t\t\t\t<div class=\"content\"><p>Venez d\u00e9couvrir les charmes du Finist\u00e8re ! C&#8217;est le d\u00e9partement parfait pour oublier les tracas du quotidien, pour s&#8217;\u00e9vader. Si vous cherchez le meilleur rapport qualit\u00e9-prix des campings \u00e0 Pont-Aven, vous \u00eates ici au bon endroit. Retour aux sources garanti ! Vous red\u00e9couvrirez le bonheur de partager des plaisirs simples, de cultiver les valeurs du [&hellip;]<\/p>\n<\/div>\n\t\t\t\t<p class=\"text-right\">Read more...<\/p>\n\t\t\t\t<\/a>\n\t\t\t<\/article>\n\n\t\t\t\t\t\n\t\t\t<article class=\"sev-editorial-multiple\">\n\t\t\t\t<a href=\"https:\/\/www.campinglesgenetsdor29.com\/en\/editorial\/top-camping-pont-aven\/\">\n\t\t\t\t<h2>Top camping Pont-Aven<\/h2>\n\t\t\t\t<div class=\"content\"><p>Les vacances arrivent \u00e0 grand pas mais vous ne savez toujours pas o\u00f9 passer vos cong\u00e9s ? Ne cherchez plus ! Venez vous relaxez et recharger vos batteries dans le Finist\u00e8re. Nous connaissons un top camping dans la commune le Pont-Aven. Install\u00e9 entre la campagne et le bord de mer, les gen\u00eats d&#8217;Or est le [&hellip;]<\/p>\n<\/div>\n\t\t\t\t<p class=\"text-right\">Read more...<\/p>\n\t\t\t\t<\/a>\n\t\t\t<\/article>\n\n\t\t\t\t\t\n\t\t\t<article class=\"sev-editorial-multiple\">\n\t\t\t\t<a href=\"https:\/\/www.campinglesgenetsdor29.com\/en\/editorial\/meilleur-camping-pont-aven\/\">\n\t\t\t\t<h2>Meilleur camping Pont-Aven<\/h2>\n\t\t\t\t<div class=\"content\"><p>Apr\u00e8s moult recherches qui se sont av\u00e9r\u00e9es non fructueuses. Vous avez fini par tomber sur le camping les Genets d&#8217;Or. Ce petit \u00e9tablissement fait partie des meilleurs campings pr\u00e8s de Pont-Aven. Alors certes c&#8217;est un petit \u00e9tablissement, mais proposant des services de qualit\u00e9. Sur place, c&#8217;est une \u00e9quipe d\u00e9vou\u00e9e et motiv\u00e9e qui vous attend pour [&hellip;]<\/p>\n<\/div>\n\t\t\t\t<p class=\"text-right\">Read more...<\/p>\n\t\t\t\t<\/a>\n\t\t\t<\/article>\n\n\t\t\t\t\t\n\t\t\t<article class=\"sev-editorial-multiple\">\n\t\t\t\t<a href=\"https:\/\/www.campinglesgenetsdor29.com\/en\/editorial\/camping-calme-et-nature-pont-aven\/\">\n\t\t\t\t<h2>Camping calme et nature Pont-Aven<\/h2>\n\t\t\t\t<div class=\"content\"><p>Venez passer du bon temps dans un camping calme et nature au c\u0153ur de Pont-Aven. Il n\u2019est pas toujours facile de trouver le camping id\u00e9al, celui qui correspondra \u00e0 ce que vous aimez. Si vous aspirez au bien-\u00eatre et \u00e0 la tranquillit\u00e9, alors laissez-moi vous pr\u00e9senter un h\u00f4tel de plein air se trouvant au c\u0153ur [&hellip;]<\/p>\n<\/div>\n\t\t\t\t<p class=\"text-right\">Read more...<\/p>\n\t\t\t\t<\/a>\n\t\t\t<\/article>\n\n\t\t\t\t\t\n\t\t\t<article class=\"sev-editorial-multiple\">\n\t\t\t\t<a href=\"https:\/\/www.campinglesgenetsdor29.com\/en\/editorial\/location-mobil-home-pont-aven\/\">\n\t\t\t\t<h2>Location mobil-home Pont-Aven<\/h2>\n\t\t\t\t<div class=\"content\"><p>Pont-Aven est une charmante petite commune du Finist\u00e8re. Le temps d\u2019un week-end, venez profiter de cette petite ville au charme incontestable. Vous vous y plairez forc\u00e9ment. Pour ce faire, pourquoi ne pas r\u00e9server quelques nuits au sein d\u2019un camping calme et paisible ? Effectuez la location d\u2019un mobil home aux Gen\u00eats d\u2019Or. Venez d\u00e9couvrir le [&hellip;]<\/p>\n<\/div>\n\t\t\t\t<p class=\"text-right\">Read more...<\/p>\n\t\t\t\t<\/a>\n\t\t\t<\/article>\n\n\t\t\t\t\t\n\t\t\t<article class=\"sev-editorial-multiple\">\n\t\t\t\t<a href=\"https:\/\/www.campinglesgenetsdor29.com\/en\/editorial\/camping-3-etoiles-pont-aven\/\">\n\t\t\t\t<h2>Camping 3 \u00e9toiles Pont Aven<\/h2>\n\t\t\t\t<div class=\"content\"><p>Venez d\u00e9couvrir les origines des fameuses galettes de Pont-Aven. Vous savez, ce d\u00e9licieux biscuit qui fait fr\u00e9tiller nos papilles. Cette petite commune du Finist\u00e8re est une cit\u00e9 au charme authentique et incontestable. C\u2019est un passage oblig\u00e9 los de vos vacances en Bretagne. Si vous aimez la d\u00e9licatesse des petits villages et vous balader dans de [&hellip;]<\/p>\n<\/div>\n\t\t\t\t<p class=\"text-right\">Read more...<\/p>\n\t\t\t\t<\/a>\n\t\t\t<\/article>\n\n\t\t\n\t\t\t\t\t\n\t\t\t\t\n\t\t\t\t\t\t\n\t\t<\/div>\n\n\t\t\n","protected":false},"excerpt":{"rendered":"","protected":false},"author":1,"featured_media":0,"parent":0,"menu_order":0,"comment_status":"closed","ping_status":"closed","template":"","meta":{"_seopress_robots_primary_cat":"","_seopress_titles_title":"","_seopress_titles_desc":"","_seopress_robots_index":"","footnotes":""},"class_list":["post-693","page","type-page","status-publish","hentry"],"_links":{"self":[{"href":"https:\/\/www.campinglesgenetsdor29.com\/en\/wp-json\/wp\/v2\/pages\/693","targetHints":{"allow":["GET"]}}],"collection":[{"href":"https:\/\/www.campinglesgenetsdor29.com\/en\/wp-json\/wp\/v2\/pages"}],"about":[{"href":"https:\/\/www.campinglesgenetsdor29.com\/en\/wp-json\/wp\/v2\/types\/page"}],"author":[{"embeddable":true,"href":"https:\/\/www.campinglesgenetsdor29.com\/en\/wp-json\/wp\/v2\/users\/1"}],"replies":[{"embeddable":true,"href":"https:\/\/www.campinglesgenetsdor29.com\/en\/wp-json\/wp\/v2\/comments?post=693"}],"version-history":[{"count":1,"href":"https:\/\/www.campinglesgenetsdor29.com\/en\/wp-json\/wp\/v2\/pages\/693\/revisions"}],"predecessor-version":[{"id":696,"href":"https:\/\/www.campinglesgenetsdor29.com\/en\/wp-json\/wp\/v2\/pages\/693\/revisions\/696"}],"wp:attachment":[{"href":"https:\/\/www.campinglesgenetsdor29.com\/en\/wp-json\/wp\/v2\/media?parent=693"}],"curies":[{"name":"wp","href":"https:\/\/api.w.org\/{rel}","templated":true}]}}