{"id":742,"date":"2021-07-05T14:49:08","date_gmt":"2021-07-05T12:49:08","guid":{"rendered":"https:\/\/www.campinglesgenetsdor29.com\/benodet\/"},"modified":"2022-01-11T17:15:00","modified_gmt":"2022-01-11T16:15:00","slug":"benodet","status":"publish","type":"page","link":"https:\/\/www.campinglesgenetsdor29.com\/en\/benodet\/","title":{"rendered":"B\u00e9nodet"},"content":{"rendered":"\n<div class=\"wp-block-media-text alignwide is-stacked-on-mobile\"><figure class=\"wp-block-media-text__media\"><img loading=\"lazy\" decoding=\"async\" width=\"1024\" height=\"768\" src=\"https:\/\/www.campinglesgenetsdor29.com\/wp-content\/uploads\/2021\/06\/Benodet.jpg\" alt=\"Flowered village of B\u00e9nodet\" class=\"wp-image-393 size-full\" srcset=\"https:\/\/www.campinglesgenetsdor29.com\/wp-content\/uploads\/2021\/06\/Benodet.jpg 1024w, https:\/\/www.campinglesgenetsdor29.com\/wp-content\/uploads\/2021\/06\/Benodet-300x225.jpg 300w, https:\/\/www.campinglesgenetsdor29.com\/wp-content\/uploads\/2021\/06\/Benodet-768x576.jpg 768w\" sizes=\"auto, (max-width: 1024px) 100vw, 1024px\" \/><\/figure><div class=\"wp-block-media-text__content\">\n<p class=\"has-medium-font-size\">Where the Odet river flows, Benodet, a pretty village full of flowers and trees. Between river and sea.<\/p>\n\n\n\n<p>Facing the Gl\u00e9nan archipelago, B\u00e9nodet is a seaside resort, on a human scale, renowned in South Finist\u00e8re.<\/p>\n<\/div><\/div>\n\n<p><\/p>\n","protected":false},"excerpt":{"rendered":"<p>Where the Odet river flows, Benodet, a pretty village full of flowers and trees. Between river and sea. Facing the Gl\u00e9nan archipelago, B\u00e9nodet is a seaside resort, on a human scale, renowned in South Finist\u00e8re.<\/p>\n","protected":false},"author":1,"featured_media":0,"parent":0,"menu_order":0,"comment_status":"closed","ping_status":"closed","template":"","meta":{"_seopress_robots_primary_cat":"","_seopress_titles_title":"Rental near the town of Benodet - 3 star campsite","_seopress_titles_desc":"","_seopress_robots_index":"","footnotes":""},"class_list":["post-742","page","type-page","status-publish","hentry"],"_links":{"self":[{"href":"https:\/\/www.campinglesgenetsdor29.com\/en\/wp-json\/wp\/v2\/pages\/742","targetHints":{"allow":["GET"]}}],"collection":[{"href":"https:\/\/www.campinglesgenetsdor29.com\/en\/wp-json\/wp\/v2\/pages"}],"about":[{"href":"https:\/\/www.campinglesgenetsdor29.com\/en\/wp-json\/wp\/v2\/types\/page"}],"author":[{"embeddable":true,"href":"https:\/\/www.campinglesgenetsdor29.com\/en\/wp-json\/wp\/v2\/users\/1"}],"replies":[{"embeddable":true,"href":"https:\/\/www.campinglesgenetsdor29.com\/en\/wp-json\/wp\/v2\/comments?post=742"}],"version-history":[{"count":7,"href":"https:\/\/www.campinglesgenetsdor29.com\/en\/wp-json\/wp\/v2\/pages\/742\/revisions"}],"predecessor-version":[{"id":1501,"href":"https:\/\/www.campinglesgenetsdor29.com\/en\/wp-json\/wp\/v2\/pages\/742\/revisions\/1501"}],"wp:attachment":[{"href":"https:\/\/www.campinglesgenetsdor29.com\/en\/wp-json\/wp\/v2\/media?parent=742"}],"curies":[{"name":"wp","href":"https:\/\/api.w.org\/{rel}","templated":true}]}}